{"id":1379,"date":"2017-07-11T06:30:09","date_gmt":"2017-07-11T06:30:09","guid":{"rendered":"https:\/\/cvjecaramirtahercegnovi.com\/about\/"},"modified":"2021-05-05T14:06:09","modified_gmt":"2021-05-05T13:06:09","slug":"nasa-prica","status":"publish","type":"page","link":"https:\/\/cvjecaramirtahercegnovi.com\/en\/nasa-prica\/","title":{"rendered":"Our story"},"content":{"rendered":"<div data-elementor-type=\"wp-post\" data-elementor-id=\"1379\" class=\"elementor elementor-1379\">\n\t\t\t\t\t\t<section class=\"elementor-section elementor-top-section elementor-element elementor-element-3efc614 elementor-section-boxed elementor-section-height-default elementor-section-height-default\" data-id=\"3efc614\" data-element_type=\"section\" data-settings=\"{&quot;background_background&quot;:&quot;classic&quot;}\">\n\t\t\t\t\t\t\t<div class=\"elementor-background-overlay\"><\/div>\n\t\t\t\t\t\t\t<div class=\"elementor-container elementor-column-gap-no\">\n\t\t\t\t\t<div class=\"elementor-column elementor-col-100 elementor-top-column elementor-element elementor-element-11700ba\" data-id=\"11700ba\" data-element_type=\"column\">\n\t\t\t<div class=\"elementor-widget-wrap elementor-element-populated\">\n\t\t\t\t\t\t<div class=\"elementor-element elementor-element-ad4e4b0 elementor-widget elementor-widget-heading\" data-id=\"ad4e4b0\" data-element_type=\"widget\" data-widget_type=\"heading.default\">\n\t\t\t\t<div class=\"elementor-widget-container\">\n\t\t\t\t\t<h1 class=\"elementor-heading-title elementor-size-default\">Our story<\/h1>\t\t\t\t<\/div>\n\t\t\t\t<\/div>\n\t\t\t\t<div class=\"elementor-element elementor-element-d648e0d elementor-widget elementor-widget-text-editor\" data-id=\"d648e0d\" data-element_type=\"widget\" data-widget_type=\"text-editor.default\">\n\t\t\t\t<div class=\"elementor-widget-container\">\n\t\t\t\t\t\t\t\t\t<p>Our story is more than 30 years long. An experienced team of arrangers does their best to make your purchase of flowers and bouquets an unforgettable experience.<\/p>\t\t\t\t\t\t\t\t<\/div>\n\t\t\t\t<\/div>\n\t\t\t\t\t<\/div>\n\t\t<\/div>\n\t\t\t\t\t<\/div>\n\t\t<\/section>\n\t\t\t\t<section class=\"elementor-section elementor-top-section elementor-element elementor-element-70ad52a elementor-section-boxed elementor-section-height-default elementor-section-height-default\" data-id=\"70ad52a\" data-element_type=\"section\">\n\t\t\t\t\t\t<div class=\"elementor-container elementor-column-gap-default\">\n\t\t\t\t\t<div class=\"elementor-column elementor-col-100 elementor-top-column elementor-element elementor-element-195b3f5\" data-id=\"195b3f5\" data-element_type=\"column\">\n\t\t\t<div class=\"elementor-widget-wrap elementor-element-populated\">\n\t\t\t\t\t\t<div class=\"elementor-element elementor-element-57c60e7 elementor-widget elementor-widget-text-editor\" data-id=\"57c60e7\" data-element_type=\"widget\" data-widget_type=\"text-editor.default\">\n\t\t\t\t<div class=\"elementor-widget-container\">\n\t\t\t\t\t\t\t\t\t<p style=\"text-align: center;\">The Mirta florist nurtures a special and recognizable style that has been perfected through many years of work and tradition. We put a lot of effort into making our arrangements from carefully selected, freshest flowers of the highest quality.<\/p>\t\t\t\t\t\t\t\t<\/div>\n\t\t\t\t<\/div>\n\t\t\t\t\t<\/div>\n\t\t<\/div>\n\t\t\t\t\t<\/div>\n\t\t<\/section>\n\t\t\t\t<section class=\"elementor-section elementor-top-section elementor-element elementor-element-373bdc4 elementor-section-boxed elementor-section-height-default elementor-section-height-default\" data-id=\"373bdc4\" data-element_type=\"section\">\n\t\t\t\t\t\t<div class=\"elementor-container elementor-column-gap-default\">\n\t\t\t\t\t<div class=\"elementor-column elementor-col-50 elementor-top-column elementor-element elementor-element-d45cabf\" data-id=\"d45cabf\" data-element_type=\"column\" data-settings=\"{&quot;background_background&quot;:&quot;classic&quot;,&quot;animation_tablet&quot;:&quot;rotateInDownLeft&quot;}\">\n\t\t\t<div class=\"elementor-widget-wrap elementor-element-populated\">\n\t\t\t\t\t\t<div class=\"elementor-element elementor-element-e70fe1a elementor-invisible elementor-widget elementor-widget-image\" data-id=\"e70fe1a\" data-element_type=\"widget\" data-settings=\"{&quot;_animation&quot;:&quot;rotateInDownLeft&quot;,&quot;_animation_delay&quot;:300}\" data-widget_type=\"image.default\">\n\t\t\t\t<div class=\"elementor-widget-container\">\n\t\t\t\t\t\t\t\t\t\t\t\t\t\t\t<img fetchpriority=\"high\" decoding=\"async\" width=\"1065\" height=\"847\" src=\"https:\/\/cvjecaramirtahercegnovi.com\/wp-content\/uploads\/2021\/04\/otvaranje-cvecare2.jpg\" class=\"attachment-full size-full wp-image-1779\" alt=\"\" srcset=\"https:\/\/cvjecaramirtahercegnovi.com\/wp-content\/uploads\/2021\/04\/otvaranje-cvecare2.jpg 1065w, https:\/\/cvjecaramirtahercegnovi.com\/wp-content\/uploads\/2021\/04\/otvaranje-cvecare2-300x239.jpg 300w, https:\/\/cvjecaramirtahercegnovi.com\/wp-content\/uploads\/2021\/04\/otvaranje-cvecare2-1024x814.jpg 1024w, https:\/\/cvjecaramirtahercegnovi.com\/wp-content\/uploads\/2021\/04\/otvaranje-cvecare2-768x611.jpg 768w\" sizes=\"(max-width: 1065px) 100vw, 1065px\" \/>\t\t\t\t\t\t\t\t\t\t\t\t\t\t\t<\/div>\n\t\t\t\t<\/div>\n\t\t\t\t\t<\/div>\n\t\t<\/div>\n\t\t\t\t<div class=\"elementor-column elementor-col-50 elementor-top-column elementor-element elementor-element-fce0fe3\" data-id=\"fce0fe3\" data-element_type=\"column\" data-settings=\"{&quot;background_background&quot;:&quot;classic&quot;}\">\n\t\t\t<div class=\"elementor-widget-wrap elementor-element-populated\">\n\t\t\t\t\t\t<div class=\"elementor-element elementor-element-ee6f9d8 elementor-widget elementor-widget-text-editor\" data-id=\"ee6f9d8\" data-element_type=\"widget\" data-widget_type=\"text-editor.default\">\n\t\t\t\t<div class=\"elementor-widget-container\">\n\t\t\t\t\t\t\t\t\t<p>In the years behind us there are many satisfied customers with whom we have arranged weddings, baptisms, baby births, birthdays, decorated stages and various corporate celebrations, equipped homes and gardens with plants from our offer, delivered flowers throughout the municipality, packed and arranged gifts\u2026<\/p><p>Our story begins on March 1, 1991. years. And from the first day, our dream was to approach arranging flowers in a special way, inspired by love for nature.<\/p><p>We are with you in all the moments that follow us through life: both solemn and sad.<\/p>\t\t\t\t\t\t\t\t<\/div>\n\t\t\t\t<\/div>\n\t\t\t\t\t<\/div>\n\t\t<\/div>\n\t\t\t\t\t<\/div>\n\t\t<\/section>\n\t\t\t\t<section class=\"elementor-section elementor-top-section elementor-element elementor-element-a652692 elementor-section-boxed elementor-section-height-default elementor-section-height-default\" data-id=\"a652692\" data-element_type=\"section\" data-settings=\"{&quot;background_background&quot;:&quot;classic&quot;}\">\n\t\t\t\t\t\t<div class=\"elementor-container elementor-column-gap-no\">\n\t\t\t\t\t<div class=\"elementor-column elementor-col-100 elementor-top-column elementor-element elementor-element-0e4f6a0\" data-id=\"0e4f6a0\" data-element_type=\"column\">\n\t\t\t<div class=\"elementor-widget-wrap elementor-element-populated\">\n\t\t\t\t\t\t<div class=\"elementor-element elementor-element-a30f090 elementor-widget elementor-widget-heading\" data-id=\"a30f090\" data-element_type=\"widget\" data-widget_type=\"heading.default\">\n\t\t\t\t<div class=\"elementor-widget-container\">\n\t\t\t\t\t<h2 class=\"elementor-heading-title elementor-size-default\">With you at every moment<\/h2>\t\t\t\t<\/div>\n\t\t\t\t<\/div>\n\t\t\t\t<div class=\"elementor-element elementor-element-f49a9f9 elementor-widget-divider--view-line elementor-widget elementor-widget-divider\" data-id=\"f49a9f9\" data-element_type=\"widget\" data-widget_type=\"divider.default\">\n\t\t\t\t<div class=\"elementor-widget-container\">\n\t\t\t\t\t\t\t<div class=\"elementor-divider\">\n\t\t\t<span class=\"elementor-divider-separator\">\n\t\t\t\t\t\t<\/span>\n\t\t<\/div>\n\t\t\t\t\t\t<\/div>\n\t\t\t\t<\/div>\n\t\t\t\t<div class=\"elementor-element elementor-element-ac548d7 elementor-widget elementor-widget-text-editor\" data-id=\"ac548d7\" data-element_type=\"widget\" data-widget_type=\"text-editor.default\">\n\t\t\t\t<div class=\"elementor-widget-container\">\n\t\t\t\t\t\t\t\t\t<p>We are at your disposal for all types of information. Feel free to contact us!<\/p>\t\t\t\t\t\t\t\t<\/div>\n\t\t\t\t<\/div>\n\t\t\t\t<div class=\"elementor-element elementor-element-34f6beb elementor-tablet-align-left elementor-align-left elementor-widget elementor-widget-button\" data-id=\"34f6beb\" data-element_type=\"widget\" data-widget_type=\"button.default\">\n\t\t\t\t<div class=\"elementor-widget-container\">\n\t\t\t\t\t\t\t\t\t<div class=\"elementor-button-wrapper\">\n\t\t\t\t\t<a class=\"elementor-button elementor-button-link elementor-size-sm\" href=\"https:\/\/cvjecaramirtahercegnovi.com\/en\/kontakt-cvjecara-mirta\/\">\n\t\t\t\t\t\t<span class=\"elementor-button-content-wrapper\">\n\t\t\t\t\t\t\t\t\t<span class=\"elementor-button-text\">Contact us<\/span>\n\t\t\t\t\t<\/span>\n\t\t\t\t\t<\/a>\n\t\t\t\t<\/div>\n\t\t\t\t\t\t\t\t<\/div>\n\t\t\t\t<\/div>\n\t\t\t\t\t<\/div>\n\t\t<\/div>\n\t\t\t\t\t<\/div>\n\t\t<\/section>\n\t\t\t\t<\/div>","protected":false},"excerpt":{"rendered":"<p>Na\u0161a pri\u010da Na\u0161a pri\u010da duga je vi\u0161e od 30. godina. Iskusan tim aran\u017eera daje sve od sebe da u\u010dini Va\u0161u kupovinu cvije\u0107a i buketa nezaboravnim iskustvom. Cvje\u0107ara Mirta njeguje poseban i prepoznatljiv stil koji je usavr\u0161en kroz dugogodi\u0161nji rad i tradiciju. Ula\u017eemo puno truda da na\u0161i aran\u017emani budu izra\u0111eni od pa\u017eljivo biranog, najsvje\u017eijeg cvije\u0107a vrhunskog &hellip;<\/p>\n<p class=\"read-more\"> <a class=\"\" href=\"https:\/\/cvjecaramirtahercegnovi.com\/en\/nasa-prica\/\"> <span class=\"screen-reader-text\">Our story<\/span> Read More &raquo;<\/a><\/p>","protected":false},"author":1,"featured_media":0,"parent":0,"menu_order":0,"comment_status":"closed","ping_status":"closed","template":"","meta":{"site-sidebar-layout":"no-sidebar","site-content-layout":"page-builder","ast-global-header-display":"","ast-banner-title-visibility":"","ast-main-header-display":"","ast-hfb-above-header-display":"","ast-hfb-below-header-display":"","ast-hfb-mobile-header-display":"","site-post-title":"disabled","ast-breadcrumbs-content":"","ast-featured-img":"disabled","footer-sml-layout":"","theme-transparent-header-meta":"enabled","adv-header-id-meta":"","stick-header-meta":"","header-above-stick-meta":"","header-main-stick-meta":"","header-below-stick-meta":"","footnotes":""},"class_list":["post-1379","page","type-page","status-publish","hentry"],"yoast_head":"<!-- This site is optimized with the Yoast SEO plugin v27.4 - https:\/\/yoast.com\/product\/yoast-seo-wordpress\/ -->\n<title>Na\u0161a pri\u010da duga vi\u0161e od 30. godina - Cvje\u0107ara Mirta Herceg Novi<\/title>\n<meta name=\"description\" content=\"Na\u0161a pri\u010da, duga vi\u0161e od 30. godina, po\u010dinje davne 1991. godine. Od tada iskusan tim aran\u017eera kreira bukete i aran\u017emane po \u017eelji na\u0161ih kupaca\" \/>\n<meta name=\"robots\" content=\"index, follow, max-snippet:-1, max-image-preview:large, max-video-preview:-1\" \/>\n<link rel=\"canonical\" href=\"https:\/\/cvjecaramirtahercegnovi.com\/en\/nasa-prica\/\" \/>\n<meta property=\"og:locale\" content=\"en_US\" \/>\n<meta property=\"og:type\" content=\"article\" \/>\n<meta property=\"og:title\" content=\"Na\u0161a pri\u010da duga vi\u0161e od 30. godina - Cvje\u0107ara Mirta Herceg Novi\" \/>\n<meta property=\"og:description\" content=\"Na\u0161a pri\u010da, duga vi\u0161e od 30. godina, po\u010dinje davne 1991. godine. Od tada iskusan tim aran\u017eera kreira bukete i aran\u017emane po \u017eelji na\u0161ih kupaca\" \/>\n<meta property=\"og:url\" content=\"https:\/\/cvjecaramirtahercegnovi.com\/en\/nasa-prica\/\" \/>\n<meta property=\"og:site_name\" content=\"Cvje\u0107ara Mirta\" \/>\n<meta property=\"article:publisher\" content=\"https:\/\/www.facebook.com\/cvjecaramirta\" \/>\n<meta property=\"article:modified_time\" content=\"2021-05-05T13:06:09+00:00\" \/>\n<meta property=\"og:image\" content=\"https:\/\/cvjecaramirtahercegnovi.com\/wp-content\/uploads\/2021\/04\/otvaranje-cvecare2.jpg\" \/>\n<meta name=\"twitter:card\" content=\"summary_large_image\" \/>\n<meta name=\"twitter:label1\" content=\"Est. reading time\" \/>\n\t<meta name=\"twitter:data1\" content=\"1 minute\" \/>\n<script type=\"application\/ld+json\" class=\"yoast-schema-graph\">{\"@context\":\"https:\\\/\\\/schema.org\",\"@graph\":[{\"@type\":\"WebPage\",\"@id\":\"https:\\\/\\\/cvjecaramirtahercegnovi.com\\\/nasa-prica\\\/\",\"url\":\"https:\\\/\\\/cvjecaramirtahercegnovi.com\\\/nasa-prica\\\/\",\"name\":\"Na\u0161a pri\u010da duga vi\u0161e od 30. godina - Cvje\u0107ara Mirta Herceg Novi\",\"isPartOf\":{\"@id\":\"https:\\\/\\\/cvjecaramirtahercegnovi.com\\\/#website\"},\"primaryImageOfPage\":{\"@id\":\"https:\\\/\\\/cvjecaramirtahercegnovi.com\\\/nasa-prica\\\/#primaryimage\"},\"image\":{\"@id\":\"https:\\\/\\\/cvjecaramirtahercegnovi.com\\\/nasa-prica\\\/#primaryimage\"},\"thumbnailUrl\":\"https:\\\/\\\/cvjecaramirtahercegnovi.com\\\/wp-content\\\/uploads\\\/2021\\\/04\\\/otvaranje-cvecare2.jpg\",\"datePublished\":\"2017-07-11T06:30:09+00:00\",\"dateModified\":\"2021-05-05T13:06:09+00:00\",\"description\":\"Na\u0161a pri\u010da, duga vi\u0161e od 30. godina, po\u010dinje davne 1991. godine. Od tada iskusan tim aran\u017eera kreira bukete i aran\u017emane po \u017eelji na\u0161ih kupaca\",\"breadcrumb\":{\"@id\":\"https:\\\/\\\/cvjecaramirtahercegnovi.com\\\/nasa-prica\\\/#breadcrumb\"},\"inLanguage\":\"en-US\",\"potentialAction\":[{\"@type\":\"ReadAction\",\"target\":[\"https:\\\/\\\/cvjecaramirtahercegnovi.com\\\/nasa-prica\\\/\"]}]},{\"@type\":\"ImageObject\",\"inLanguage\":\"en-US\",\"@id\":\"https:\\\/\\\/cvjecaramirtahercegnovi.com\\\/nasa-prica\\\/#primaryimage\",\"url\":\"https:\\\/\\\/cvjecaramirtahercegnovi.com\\\/wp-content\\\/uploads\\\/2021\\\/04\\\/otvaranje-cvecare2.jpg\",\"contentUrl\":\"https:\\\/\\\/cvjecaramirtahercegnovi.com\\\/wp-content\\\/uploads\\\/2021\\\/04\\\/otvaranje-cvecare2.jpg\"},{\"@type\":\"BreadcrumbList\",\"@id\":\"https:\\\/\\\/cvjecaramirtahercegnovi.com\\\/nasa-prica\\\/#breadcrumb\",\"itemListElement\":[{\"@type\":\"ListItem\",\"position\":1,\"name\":\"Home\",\"item\":\"https:\\\/\\\/cvjecaramirtahercegnovi.com\\\/\"},{\"@type\":\"ListItem\",\"position\":2,\"name\":\"Na\u0161a pri\u010da\"}]},{\"@type\":\"WebSite\",\"@id\":\"https:\\\/\\\/cvjecaramirtahercegnovi.com\\\/#website\",\"url\":\"https:\\\/\\\/cvjecaramirtahercegnovi.com\\\/\",\"name\":\"Cvje\u0107ara Mirta\",\"description\":\"Buketi i cvjetni aran\u017emani, Herceg Novi\",\"publisher\":{\"@id\":\"https:\\\/\\\/cvjecaramirtahercegnovi.com\\\/#organization\"},\"potentialAction\":[{\"@type\":\"SearchAction\",\"target\":{\"@type\":\"EntryPoint\",\"urlTemplate\":\"https:\\\/\\\/cvjecaramirtahercegnovi.com\\\/?s={search_term_string}\"},\"query-input\":{\"@type\":\"PropertyValueSpecification\",\"valueRequired\":true,\"valueName\":\"search_term_string\"}}],\"inLanguage\":\"en-US\"},{\"@type\":\"Organization\",\"@id\":\"https:\\\/\\\/cvjecaramirtahercegnovi.com\\\/#organization\",\"name\":\"Cvje\u0107ara Mirta\",\"url\":\"https:\\\/\\\/cvjecaramirtahercegnovi.com\\\/\",\"logo\":{\"@type\":\"ImageObject\",\"inLanguage\":\"en-US\",\"@id\":\"https:\\\/\\\/cvjecaramirtahercegnovi.com\\\/#\\\/schema\\\/logo\\\/image\\\/\",\"url\":\"https:\\\/\\\/cvjecaramirtahercegnovi.com\\\/wp-content\\\/uploads\\\/2021\\\/04\\\/cropped-Mirta-logo.png\",\"contentUrl\":\"https:\\\/\\\/cvjecaramirtahercegnovi.com\\\/wp-content\\\/uploads\\\/2021\\\/04\\\/cropped-Mirta-logo.png\",\"width\":500,\"height\":308,\"caption\":\"Cvje\u0107ara Mirta\"},\"image\":{\"@id\":\"https:\\\/\\\/cvjecaramirtahercegnovi.com\\\/#\\\/schema\\\/logo\\\/image\\\/\"},\"sameAs\":[\"https:\\\/\\\/www.facebook.com\\\/cvjecaramirta\",\"https:\\\/\\\/www.instagram.com\\\/cvjecara_mirta\"]}]}<\/script>\n<!-- \/ Yoast SEO plugin. -->","yoast_head_json":{"title":"Na\u0161a pri\u010da duga vi\u0161e od 30. godina - Cvje\u0107ara Mirta Herceg Novi","description":"Na\u0161a pri\u010da, duga vi\u0161e od 30. godina, po\u010dinje davne 1991. godine. Od tada iskusan tim aran\u017eera kreira bukete i aran\u017emane po \u017eelji na\u0161ih kupaca","robots":{"index":"index","follow":"follow","max-snippet":"max-snippet:-1","max-image-preview":"max-image-preview:large","max-video-preview":"max-video-preview:-1"},"canonical":"https:\/\/cvjecaramirtahercegnovi.com\/en\/nasa-prica\/","og_locale":"en_US","og_type":"article","og_title":"Na\u0161a pri\u010da duga vi\u0161e od 30. godina - Cvje\u0107ara Mirta Herceg Novi","og_description":"Na\u0161a pri\u010da, duga vi\u0161e od 30. godina, po\u010dinje davne 1991. godine. Od tada iskusan tim aran\u017eera kreira bukete i aran\u017emane po \u017eelji na\u0161ih kupaca","og_url":"https:\/\/cvjecaramirtahercegnovi.com\/en\/nasa-prica\/","og_site_name":"Cvje\u0107ara Mirta","article_publisher":"https:\/\/www.facebook.com\/cvjecaramirta","article_modified_time":"2021-05-05T13:06:09+00:00","og_image":[{"url":"https:\/\/cvjecaramirtahercegnovi.com\/wp-content\/uploads\/2021\/04\/otvaranje-cvecare2.jpg","type":"","width":"","height":""}],"twitter_card":"summary_large_image","twitter_misc":{"Est. reading time":"1 minute"},"schema":{"@context":"https:\/\/schema.org","@graph":[{"@type":"WebPage","@id":"https:\/\/cvjecaramirtahercegnovi.com\/nasa-prica\/","url":"https:\/\/cvjecaramirtahercegnovi.com\/nasa-prica\/","name":"Na\u0161a pri\u010da duga vi\u0161e od 30. godina - Cvje\u0107ara Mirta Herceg Novi","isPartOf":{"@id":"https:\/\/cvjecaramirtahercegnovi.com\/#website"},"primaryImageOfPage":{"@id":"https:\/\/cvjecaramirtahercegnovi.com\/nasa-prica\/#primaryimage"},"image":{"@id":"https:\/\/cvjecaramirtahercegnovi.com\/nasa-prica\/#primaryimage"},"thumbnailUrl":"https:\/\/cvjecaramirtahercegnovi.com\/wp-content\/uploads\/2021\/04\/otvaranje-cvecare2.jpg","datePublished":"2017-07-11T06:30:09+00:00","dateModified":"2021-05-05T13:06:09+00:00","description":"Na\u0161a pri\u010da, duga vi\u0161e od 30. godina, po\u010dinje davne 1991. godine. Od tada iskusan tim aran\u017eera kreira bukete i aran\u017emane po \u017eelji na\u0161ih kupaca","breadcrumb":{"@id":"https:\/\/cvjecaramirtahercegnovi.com\/nasa-prica\/#breadcrumb"},"inLanguage":"en-US","potentialAction":[{"@type":"ReadAction","target":["https:\/\/cvjecaramirtahercegnovi.com\/nasa-prica\/"]}]},{"@type":"ImageObject","inLanguage":"en-US","@id":"https:\/\/cvjecaramirtahercegnovi.com\/nasa-prica\/#primaryimage","url":"https:\/\/cvjecaramirtahercegnovi.com\/wp-content\/uploads\/2021\/04\/otvaranje-cvecare2.jpg","contentUrl":"https:\/\/cvjecaramirtahercegnovi.com\/wp-content\/uploads\/2021\/04\/otvaranje-cvecare2.jpg"},{"@type":"BreadcrumbList","@id":"https:\/\/cvjecaramirtahercegnovi.com\/nasa-prica\/#breadcrumb","itemListElement":[{"@type":"ListItem","position":1,"name":"Home","item":"https:\/\/cvjecaramirtahercegnovi.com\/"},{"@type":"ListItem","position":2,"name":"Na\u0161a pri\u010da"}]},{"@type":"WebSite","@id":"https:\/\/cvjecaramirtahercegnovi.com\/#website","url":"https:\/\/cvjecaramirtahercegnovi.com\/","name":"Cvje\u0107ara Mirta","description":"Buketi i cvjetni aran\u017emani, Herceg Novi","publisher":{"@id":"https:\/\/cvjecaramirtahercegnovi.com\/#organization"},"potentialAction":[{"@type":"SearchAction","target":{"@type":"EntryPoint","urlTemplate":"https:\/\/cvjecaramirtahercegnovi.com\/?s={search_term_string}"},"query-input":{"@type":"PropertyValueSpecification","valueRequired":true,"valueName":"search_term_string"}}],"inLanguage":"en-US"},{"@type":"Organization","@id":"https:\/\/cvjecaramirtahercegnovi.com\/#organization","name":"Cvje\u0107ara Mirta","url":"https:\/\/cvjecaramirtahercegnovi.com\/","logo":{"@type":"ImageObject","inLanguage":"en-US","@id":"https:\/\/cvjecaramirtahercegnovi.com\/#\/schema\/logo\/image\/","url":"https:\/\/cvjecaramirtahercegnovi.com\/wp-content\/uploads\/2021\/04\/cropped-Mirta-logo.png","contentUrl":"https:\/\/cvjecaramirtahercegnovi.com\/wp-content\/uploads\/2021\/04\/cropped-Mirta-logo.png","width":500,"height":308,"caption":"Cvje\u0107ara Mirta"},"image":{"@id":"https:\/\/cvjecaramirtahercegnovi.com\/#\/schema\/logo\/image\/"},"sameAs":["https:\/\/www.facebook.com\/cvjecaramirta","https:\/\/www.instagram.com\/cvjecara_mirta"]}]}},"_links":{"self":[{"href":"https:\/\/cvjecaramirtahercegnovi.com\/en\/wp-json\/wp\/v2\/pages\/1379","targetHints":{"allow":["GET"]}}],"collection":[{"href":"https:\/\/cvjecaramirtahercegnovi.com\/en\/wp-json\/wp\/v2\/pages"}],"about":[{"href":"https:\/\/cvjecaramirtahercegnovi.com\/en\/wp-json\/wp\/v2\/types\/page"}],"author":[{"embeddable":true,"href":"https:\/\/cvjecaramirtahercegnovi.com\/en\/wp-json\/wp\/v2\/users\/1"}],"replies":[{"embeddable":true,"href":"https:\/\/cvjecaramirtahercegnovi.com\/en\/wp-json\/wp\/v2\/comments?post=1379"}],"version-history":[{"count":43,"href":"https:\/\/cvjecaramirtahercegnovi.com\/en\/wp-json\/wp\/v2\/pages\/1379\/revisions"}],"predecessor-version":[{"id":2728,"href":"https:\/\/cvjecaramirtahercegnovi.com\/en\/wp-json\/wp\/v2\/pages\/1379\/revisions\/2728"}],"wp:attachment":[{"href":"https:\/\/cvjecaramirtahercegnovi.com\/en\/wp-json\/wp\/v2\/media?parent=1379"}],"curies":[{"name":"wp","href":"https:\/\/api.w.org\/{rel}","templated":true}]}}